{"id":9,"date":"2021-03-31T13:46:05","date_gmt":"2021-03-31T11:46:05","guid":{"rendered":"http:\/\/hospizbewegung-goeppingen.de\/neu\/?page_id=9"},"modified":"2021-05-03T16:41:38","modified_gmt":"2021-05-03T14:41:38","slug":"ueber-den-verein","status":"publish","type":"page","link":"https:\/\/hospizbewegung-goeppingen.de\/neu\/ueber-den-verein\/","title":{"rendered":"\u00dcber den Verein"},"content":{"rendered":"\n<h2 class=\"wp-block-heading\">Nicht allein gelassen!<\/h2>\n\n\n\n<p><strong>Begleitung schwerkranker und sterbender Menschen und ihrer Angeh\u00f6rigen<\/strong><\/p>\n\n\n\n<p>Wir begleiten sterbende Menschen auf dem letzten Abschnitt ihres Lebensweges. Wir f\u00f6rdern gem\u00e4\u00df des Hospizgedankens nach den pers\u00f6nlichen W\u00fcnschen die Lebensqualit\u00e4t sterbender Menschen. Sterbebegleitung ist nach unserem Verst\u00e4ndnis Lebensbegleitung. Aktive Sterbehilfe lehnen wir entschieden ab. Wir unterst\u00fctzen schwerkranke und sterbende Menschen \u2013 unabh\u00e4ngig von ihrer Erkrankung, ihrer Religions- oder Staatszugeh\u00f6rigkeit.<\/p>\n\n\n\n<p>Wir arbeiten ambulant in den Wohnungen unserer Klienten, in Pflegeheimen und Kliniken. Wir ersetzen nicht das Pflegepersonal.&nbsp;Unsere Arbeit geschieht in Absprache mit den Klienten, ihren Angeh\u00f6rigen, den Pflegediensten, dem Arzt und dem Seelsorger.<br>Wir haben Zeit f\u00fcr unsere Klienten und ihre Angeh\u00f6rigen. Wir sind aufmerksam und sensibel, wach und aufgeschlossen da f\u00fcr die letzten Tage, Wochen und Stunden des Sterbenden.&nbsp;Wir bieten Angeh\u00f6rigen Entlastung und Beratung an.<\/p>\n\n\n\n<p>Wir sind ausgebildete ehrenamtliche Begleiterinnen und Begleiter, die regelm\u00e4\u00dfig an Fortbildungen und Supervision teilnehmen und ihre Erfahrungen durch professionelle Therapeuten oder Seelsorger profilieren.<\/p>\n\n\n\n<p>Wir bieten f\u00fcr Trauernde ein- bis zweimal im Jahr Trauergespr\u00e4chskreise (nach Ank\u00fcndigung in der Tagespresse) an, an jedem ersten Mittwoch im Monat das Lebenscaf\u00e9 und Trauereinzelgespr\u00e4che mit ausgebildeten Trauerbegleiter*innen an.<\/p>\n\n\n\n<p>Ansprechpartnerinnen: siehe\u00a0<a href=\"https:\/\/hospizbewegung-goeppingen.de\/neu\/kontakt\/\" data-type=\"page\" data-id=\"62\">Kontakt<\/a>.<\/p>\n\n\n\n<p>Der Verein finanziert seine Arbeit durch\u00a0<a href=\"https:\/\/hospizbewegung-goeppingen.de\/neu\/uenterstuetzung\/\" data-type=\"page\" data-id=\"75\">Mitgliedsbeitr\u00e4ge<\/a>,\u00a0<a href=\"https:\/\/hospizbewegung-goeppingen.de\/neu\/uenterstuetzung\/\" data-type=\"page\" data-id=\"75\">Spenden<\/a>\u00a0und F\u00f6rdergelder der Krankenkassen.<\/p>\n\n\n\n<figure class=\"wp-block-image size-large\"><img loading=\"lazy\" decoding=\"async\" width=\"1024\" height=\"717\" src=\"https:\/\/hospizbewegung-goeppingen.de\/neu\/wp-content\/uploads\/2021\/05\/Steine-1024x717.jpg\" alt=\"\" class=\"wp-image-145\" srcset=\"https:\/\/hospizbewegung-goeppingen.de\/neu\/wp-content\/uploads\/2021\/05\/Steine-1024x717.jpg 1024w, https:\/\/hospizbewegung-goeppingen.de\/neu\/wp-content\/uploads\/2021\/05\/Steine-300x210.jpg 300w, https:\/\/hospizbewegung-goeppingen.de\/neu\/wp-content\/uploads\/2021\/05\/Steine-768x537.jpg 768w, https:\/\/hospizbewegung-goeppingen.de\/neu\/wp-content\/uploads\/2021\/05\/Steine-1536x1075.jpg 1536w, https:\/\/hospizbewegung-goeppingen.de\/neu\/wp-content\/uploads\/2021\/05\/Steine-2048x1433.jpg 2048w\" sizes=\"auto, (max-width: 1024px) 100vw, 1024px\" \/><\/figure>\n\n\n\n<h1 class=\"wp-block-heading\">Vorstand<\/h1>\n\n\n\n<h2 class=\"wp-block-heading\">Vorsitzender<\/h2>\n\n\n\n<p>Tilman Sch\u00fchle<\/p>\n\n\n\n<p>t.schuehle@hospizbewegung-goeppingen.de<\/p>\n\n\n\n<h2 class=\"wp-block-heading\">Rechner<\/h2>\n\n\n\n<p>Rolf H\u00f6rhold<\/p>\n\n\n\n<p>Fr\u00fchlingstr. 1<br>73092 Heiningen<br>Tel: 07161\/941544<br>r.hoerhold-hospiz@web.de<\/p>\n","protected":false},"excerpt":{"rendered":"<p>Nicht allein gelassen! Begleitung schwerkranker und sterbender Menschen und ihrer Angeh\u00f6rigen Wir begleiten sterbende Menschen auf dem letzten Abschnitt ihres Lebensweges. Wir f\u00f6rdern gem\u00e4\u00df des Hospizgedankens nach den pers\u00f6nlichen W\u00fcnschen die Lebensqualit\u00e4t sterbender Menschen. Sterbebegleitung ist nach unserem Verst\u00e4ndnis Lebensbegleitung. Aktive Sterbehilfe lehnen wir entschieden ab. Wir unterst\u00fctzen schwerkranke und sterbende Menschen \u2013 unabh\u00e4ngig von &hellip; <a href=\"https:\/\/hospizbewegung-goeppingen.de\/neu\/ueber-den-verein\/\">Weiterlesen <span class=\"meta-nav\">&rarr;<\/span><\/a><\/p>\n","protected":false},"author":1,"featured_media":0,"parent":0,"menu_order":0,"comment_status":"closed","ping_status":"closed","template":"","meta":{"footnotes":""},"class_list":["post-9","page","type-page","status-publish","hentry"],"_links":{"self":[{"href":"https:\/\/hospizbewegung-goeppingen.de\/neu\/wp-json\/wp\/v2\/pages\/9","targetHints":{"allow":["GET"]}}],"collection":[{"href":"https:\/\/hospizbewegung-goeppingen.de\/neu\/wp-json\/wp\/v2\/pages"}],"about":[{"href":"https:\/\/hospizbewegung-goeppingen.de\/neu\/wp-json\/wp\/v2\/types\/page"}],"author":[{"embeddable":true,"href":"https:\/\/hospizbewegung-goeppingen.de\/neu\/wp-json\/wp\/v2\/users\/1"}],"replies":[{"embeddable":true,"href":"https:\/\/hospizbewegung-goeppingen.de\/neu\/wp-json\/wp\/v2\/comments?post=9"}],"version-history":[{"count":5,"href":"https:\/\/hospizbewegung-goeppingen.de\/neu\/wp-json\/wp\/v2\/pages\/9\/revisions"}],"predecessor-version":[{"id":146,"href":"https:\/\/hospizbewegung-goeppingen.de\/neu\/wp-json\/wp\/v2\/pages\/9\/revisions\/146"}],"wp:attachment":[{"href":"https:\/\/hospizbewegung-goeppingen.de\/neu\/wp-json\/wp\/v2\/media?parent=9"}],"curies":[{"name":"wp","href":"https:\/\/api.w.org\/{rel}","templated":true}]}}