{"id":87,"date":"2021-04-08T10:33:25","date_gmt":"2021-04-08T08:33:25","guid":{"rendered":"https:\/\/hospizbewegung-goeppingen.de\/neu\/?page_id=87"},"modified":"2021-04-30T16:39:20","modified_gmt":"2021-04-30T14:39:20","slug":"datenschutz","status":"publish","type":"page","link":"https:\/\/hospizbewegung-goeppingen.de\/neu\/datenschutz\/","title":{"rendered":"Datenschutz"},"content":{"rendered":"\n<p>Wir freuen uns sehr \u00fcber Ihr Interesse an unserem Verein. Datenschutz hat einen besonders hohen Stellenwert f\u00fcr die Gesch\u00e4ftsleitung der Hospizbewegung Kreis G\u00f6ppingen \u2013 Ambulante Dienste f\u00fcr Erwachsene e.V.<\/p>\n\n\n\n<h2 class=\"wp-block-heading\"><strong>Allgemeine Hinweise<\/strong><\/h2>\n\n\n\n<p>Die folgenden Hinweise geben einen einfachen \u00dcberblick dar\u00fcber, was mit Ihren personenbezogenen Daten passiert, wenn Sie unsere Website besuchen oder in unserem Verein Mitglied sind.<\/p>\n\n\n\n<p>Aus Gr\u00fcnden der Lesbarkeit wird auf der Homepage darauf verzichtet, geschlechtsspezifische Formulierungen zu verwenden. Soweit personenbezogene Bezeichnungen nur in m\u00e4nnlicher Form angef\u00fchrt sind, beziehen sie sich auf M\/W\/D in gleicher Weise.<\/p>\n\n\n\n<h2 class=\"wp-block-heading\"><strong>Verantwortlicher im Sinne des Datenschutzrechts ist<\/strong><\/h2>\n\n\n\n<p>Tilman Sch\u00fchle<br>Hospizbewegung Kreis G\u00f6ppingen \u2013 Ambulante Dienste f\u00fcr Erwachsene e.V.<br>Sommerhalde 2<br>73035 G\u00f6ppingen<br>E-Mail: t.schuehle@hospizbewegung-goeppingen.de<\/p>\n\n\n\n<h2 class=\"wp-block-heading\"><strong>Kontaktdaten der Datenschutzbeauftragten<\/strong><\/h2>\n\n\n\n<p>Anita Alfia<br>Alfia-Datenschutz<br>Eberhardstr. 20<br>73054 Eislingen<br>Tel. 0179-7083006<br>E-Mail: <a>anita@alfia.de<\/a><\/p>\n\n\n\n<p><strong>1. Datenerfassung auf unserer Website<\/strong><\/p>\n\n\n\n<p><strong>Wer ist verantwortlich f\u00fcr die Datenerfassung auf dieser Website?<\/strong><\/p>\n\n\n\n<p>Die Datenverarbeitung auf dieser Website erfolgt durch den Websitebetreiber:<\/p>\n\n\n\n<p>Andreas Gre\u00df<br>Hohensteinstr. 22<br>73033 G\u00f6ppingen<br>E-Mail: <a>info@grawo.de<\/a><\/p>\n\n\n\n<p><strong>Wie erfassen wir Ihre Daten?<\/strong><\/p>\n\n\n\n<p>Ihre Daten werden automatisch beim Besuch der Website durch unsere IT-Systeme erfasst. Das sind technische Daten z.B. Internetbrowser, Betriebssystem oder Uhrzeit des Seitenaufrufs. Die Erfassung dieser Daten erfolgt automatisch, sobald Sie unsere Website betreten.<\/p>\n\n\n\n<p><strong>Server-Log-Files<\/strong><\/p>\n\n\n\n<p>Der Provider der Seiten erhebt und speichert automatisch Informationen in so genannten Server-Log-Files, die Ihr Browser automatisch an uns \u00fcbermittelt. Dies sind:<\/p>\n\n\n\n<ul class=\"wp-block-list\"><li>Browsertyp\/Browserversion<\/li><li>verwendetes Betriebssystem<\/li><li>Referrer URL<\/li><li>Hostname des zugreifenden Rechners<\/li><li>Uhrzeit der Serveranfrage<\/li><\/ul>\n\n\n\n<p><strong>Cookies<\/strong><\/p>\n\n\n\n<p>Die Internetseiten verwenden teilweise so genannte Cookies. Cookies richten auf Ihrem Rechner keinen Schaden an und enthalten keine Viren. Cookies dienen dazu, unser Angebot nutzerfreundlicher, effektiver und sicherer zu machen. Cookies sind kleine Textdateien, die auf Ihrem Rechner abgelegt werden und die Ihr Browser speichert.<\/p>\n\n\n\n<p>Die meisten, der von uns verwendeten Cookies, sind so genannte \u201eSession-Cookies\u201c. Sie werden nach Ende Ihres Besuchs automatisch gel\u00f6scht. Andere Cookies bleiben auf Ihrem Endger\u00e4t gespeichert bis Sie diese l\u00f6schen. Diese Cookies erm\u00f6glichen es uns, Ihren Browser beim n\u00e4chsten Besuch wiederzuerkennen.<\/p>\n\n\n\n<p>Sie k\u00f6nnen Ihren Browser so einstellen, dass Sie \u00fcber das Setzen von Cookies informiert werden und Cookies nur im Einzelfall erlauben, die Annahme von Cookies f\u00fcr bestimmte F\u00e4lle oder generell ausschlie\u00dfen sowie das automatische L\u00f6schen der Cookies beim Schlie\u00dfen des Browser aktivieren. Bei der Deaktivierung von Cookies kann die Funktionalit\u00e4t dieser Website eingeschr\u00e4nkt sein.<\/p>\n\n\n\n<p><strong>SSL- bzw. TLS-Verschl\u00fcsselung<\/strong><\/p>\n\n\n\n<p>Unsere Seite nutzt aus Sicherheitsgr\u00fcnden und zum Schutz der \u00dcbertragung vertraulicher Inhalte, eine SSL-bzw. TLS-Verschl\u00fcsselung. Eine verschl\u00fcsselte Verbindung erkennen Sie daran, dass die Adresszeile des Browsers von \u201chttp:\/\/\u201d auf \u201chttps:\/\/\u201d wechselt und an dem Schloss-Symbol in Ihrer Browserzeile.<\/p>\n\n\n\n<p>Wenn die SSL- bzw. TLS-Verschl\u00fcsselung aktiviert ist, k\u00f6nnen die Daten, die Sie an uns \u00fcbermitteln, nicht von Dritten mitgelesen werden.<\/p>\n\n\n\n<p><strong>Wof\u00fcr nutzen wir Ihre Daten?<\/strong><\/p>\n\n\n\n<p>Ein Teil der Daten wird erhoben, um eine fehlerfreie Bereitstellung der Website zu gew\u00e4hrleisten. Andere Daten k\u00f6nnen zur Analyse Ihres Nutzerverhaltens verwendet werden.<\/p>\n\n\n\n<p><strong>2.<\/strong> <strong>Datenerfassung in unserem Verein<\/strong><\/p>\n\n\n\n<p><strong>Mitglieder<\/strong><\/p>\n\n\n\n<p>Die Daten der Mitglieder werden zum Zwecke der Mitgliederverwaltung einschlie\u00dflich des Beitragseinzugs verwendet.<\/p>\n\n\n\n<p>Beim Austritt werden Name, Adresse und Geburtsjahr des Mitglieds aus dem Mitgliederverzeichnis gel\u00f6scht. Personenbezogene Daten des austretenden Mitglieds, die die Kassenverwaltung betreffen, werden gem\u00e4\u00df der steuergesetzlichen Bestimmungen bis zu zehn Jahren ab der schriftlichen Best\u00e4tigung des Austritts durch den Verein aufbewahrt.<\/p>\n\n\n\n<p><strong>Spender<\/strong><\/p>\n\n\n\n<p>Die Daten der Spender werden zur Erstellung der Spendenbescheinigung und zum Nachweis gegen\u00fcber dem Finanzamt erhoben. Diese werden, bez\u00fcglich der steuerlichen Relevanz, zehn Jahre lang aufbewahrt (\u00a7 147 Abs. 6 AO).<\/p>\n\n\n\n<p><strong>3. Welche Rechte haben Sie bez\u00fcglich Ihrer Daten?<\/strong><\/p>\n\n\n\n<p>Sie haben gegen\u00fcber uns folgende Rechte hinsichtlich der Sie betreffenden personenbezogenen Daten:<\/p>\n\n\n\n<ul class=\"wp-block-list\"><li>Auskunft \u00fcber die zu Ihrer Person gespeicherten Daten (Art. 15 DSGVO)<\/li><li>Berichtigung unrichtiger Daten (Art. 16 DSGVO)<\/li><li>L\u00f6schung, wenn das rechtlich erlaubt ist (Art. 17 DSGVO)<\/li><li>Einschr\u00e4nkung der Verarbeitung (Art. 18 DSGVO)<\/li><li>Erhalt Ihrer Daten in einem strukturierten, g\u00e4ngigen und maschinenlesbaren Format (Art. 20 DSGVO)<\/li><li>Widerspruch gegen die Verarbeitung (Art. 21 DSGVO)<\/li><li>Beschwerde bei einer Aufsichtsbeh\u00f6rde (Art. 77 DSGVO)<\/li><\/ul>\n\n\n\n<p>Die zust\u00e4ndige Beschwerdestelle f\u00fcr Sie ist:<\/p>\n\n\n\n<p>Landesbeauftragter f\u00fcr den Datenschutz und die Informationsfreiheit Baden-W\u00fcrttemberg<br>K\u00f6nigstra\u00dfe 10 a<br>70173 Stuttgart<br>Telefon: 0711\/6155410<\/p>\n\n\n\n<p><strong>Widerruf Ihrer Einwilligung zur Datenverarbeitung<\/strong><\/p>\n\n\n\n<p>Viele Datenverarbeitungsvorg\u00e4nge sind nur mit Ihrer ausdr\u00fccklichen Einwilligung m\u00f6glich. Sie k\u00f6nnen eine bereits erteilte Einwilligung jederzeit widerrufen. Dazu reicht eine formlose Mitteilung per E-Mail an uns. Die Rechtm\u00e4\u00dfigkeit der bis zum Widerruf erfolgten Datenverarbeitung bleibt vom Widerruf unber\u00fchrt.<\/p>\n\n\n\n<p><strong>4. Weitergabe von Daten<\/strong><\/p>\n\n\n\n<p>Eine \u00dcbermittlung Ihrer oben genannten pers\u00f6nlichen Daten an Dritte zu anderen als den im Folgenden aufgef\u00fchrten Zwecken findet nicht statt.<\/p>\n\n\n\n<p>Wir geben Ihre pers\u00f6nlichen Daten nur an Dritte weiter, wenn:<\/p>\n\n\n\n<ul class=\"wp-block-list\"><li>Sie nach Art.&nbsp;6 Abs.&nbsp;1 S.&nbsp;1 lit.&nbsp;a DSGVO Ihre ausdr\u00fcckliche Einwilligung dazu erteilt haben,<\/li><li>die Weitergabe nach Art.&nbsp;6 Abs.&nbsp;1 S.&nbsp;1 lit.&nbsp;f DSGVO zur Geltendmachung, Aus\u00fcbung oder Verteidigung von Rechtsanspr\u00fcchen erforderlich ist und kein Grund zur Annahme besteht, dass Sie ein \u00fcberwiegendes schutzw\u00fcrdiges Interesse an der Nichtweitergabe Ihrer Daten haben,<\/li><li>f\u00fcr die Weitergabe nach Art.&nbsp;6 Abs.&nbsp;1 S.&nbsp;1 lit.&nbsp;c DSGVO eine gesetzliche Verpflichtung besteht.<\/li><\/ul>\n\n\n\n<p>Eine Daten\u00fcbermittlung in Drittstaaten au\u00dferhalb des Europ\u00e4ischen Wirtschaftsraums findet nicht statt.<\/p>\n","protected":false},"excerpt":{"rendered":"<p>Wir freuen uns sehr \u00fcber Ihr Interesse an unserem Verein. Datenschutz hat einen besonders hohen Stellenwert f\u00fcr die Gesch\u00e4ftsleitung der Hospizbewegung Kreis G\u00f6ppingen \u2013 Ambulante Dienste f\u00fcr Erwachsene e.V. Allgemeine Hinweise Die folgenden Hinweise geben einen einfachen \u00dcberblick dar\u00fcber, was mit Ihren personenbezogenen Daten passiert, wenn Sie unsere Website besuchen oder in unserem Verein Mitglied &hellip; <a href=\"https:\/\/hospizbewegung-goeppingen.de\/neu\/datenschutz\/\">Weiterlesen <span class=\"meta-nav\">&rarr;<\/span><\/a><\/p>\n","protected":false},"author":1,"featured_media":0,"parent":0,"menu_order":0,"comment_status":"closed","ping_status":"closed","template":"","meta":{"footnotes":""},"class_list":["post-87","page","type-page","status-publish","hentry"],"_links":{"self":[{"href":"https:\/\/hospizbewegung-goeppingen.de\/neu\/wp-json\/wp\/v2\/pages\/87","targetHints":{"allow":["GET"]}}],"collection":[{"href":"https:\/\/hospizbewegung-goeppingen.de\/neu\/wp-json\/wp\/v2\/pages"}],"about":[{"href":"https:\/\/hospizbewegung-goeppingen.de\/neu\/wp-json\/wp\/v2\/types\/page"}],"author":[{"embeddable":true,"href":"https:\/\/hospizbewegung-goeppingen.de\/neu\/wp-json\/wp\/v2\/users\/1"}],"replies":[{"embeddable":true,"href":"https:\/\/hospizbewegung-goeppingen.de\/neu\/wp-json\/wp\/v2\/comments?post=87"}],"version-history":[{"count":2,"href":"https:\/\/hospizbewegung-goeppingen.de\/neu\/wp-json\/wp\/v2\/pages\/87\/revisions"}],"predecessor-version":[{"id":129,"href":"https:\/\/hospizbewegung-goeppingen.de\/neu\/wp-json\/wp\/v2\/pages\/87\/revisions\/129"}],"wp:attachment":[{"href":"https:\/\/hospizbewegung-goeppingen.de\/neu\/wp-json\/wp\/v2\/media?parent=87"}],"curies":[{"name":"wp","href":"https:\/\/api.w.org\/{rel}","templated":true}]}}