{"id":8,"date":"2021-03-31T13:46:05","date_gmt":"2021-03-31T11:46:05","guid":{"rendered":"http:\/\/hospizbewegung-goeppingen.de\/neu\/?page_id=8"},"modified":"2021-05-03T16:35:04","modified_gmt":"2021-05-03T14:35:04","slug":"trauerbegleitung","status":"publish","type":"page","link":"https:\/\/hospizbewegung-goeppingen.de\/neu\/trauerbegleitung\/","title":{"rendered":"Trauerbegleitung"},"content":{"rendered":"\n<figure class=\"wp-block-image size-large\"><img loading=\"lazy\" decoding=\"async\" width=\"1024\" height=\"717\" src=\"https:\/\/hospizbewegung-goeppingen.de\/neu\/wp-content\/uploads\/2021\/05\/Hortensie-1024x717.jpg\" alt=\"\" class=\"wp-image-140\" srcset=\"https:\/\/hospizbewegung-goeppingen.de\/neu\/wp-content\/uploads\/2021\/05\/Hortensie-1024x717.jpg 1024w, https:\/\/hospizbewegung-goeppingen.de\/neu\/wp-content\/uploads\/2021\/05\/Hortensie-300x210.jpg 300w, https:\/\/hospizbewegung-goeppingen.de\/neu\/wp-content\/uploads\/2021\/05\/Hortensie-768x537.jpg 768w, https:\/\/hospizbewegung-goeppingen.de\/neu\/wp-content\/uploads\/2021\/05\/Hortensie-1536x1075.jpg 1536w, https:\/\/hospizbewegung-goeppingen.de\/neu\/wp-content\/uploads\/2021\/05\/Hortensie-2048x1433.jpg 2048w\" sizes=\"auto, (max-width: 1024px) 100vw, 1024px\" \/><\/figure>\n\n\n\n<h2 class=\"wp-block-heading\"><span style=\"color:#2808ff\" class=\"has-inline-color\">TRAUERBEGLEITUNG<\/span><\/h2>\n\n\n\n<p>Der Verlust eines nahestehenden Menschen ist schmerzlich und folgenschwer. Trauern geht einher mit einer Vielzahl von Gef\u00fchlen wie Angst, Wut, Schuld und Hilflosigkeit.<\/p>\n\n\n\n<p>Wir m\u00f6chten Sie dabei begleiten, eigene Kraftquellen und Perspektiven neu zu entdecken.<\/p>\n\n\n\n<h2 class=\"wp-block-heading\"><span style=\"color:#2808ff\" class=\"has-inline-color\">LEBENSCAF\u00c9<\/span><\/h2>\n\n\n\n<p>Der Ambulante ErwachsenenHospizdienst l\u00e4dt Trauernde zu monatlichen Treffen ins Lebenscaf\u00e9 ein. Die freundliche Atmosph\u00e4re eines Restaurants bietet Raum, um mit Betroffenen und Trauerbegleiter*innen \u00fcber die eigene Trauer zu sprechen und auch gemeinsam zu essen oder etwas zu trinken.<\/p>\n\n\n\n<p>Jeden Mittwoch im Monat (ausgenommen Feiertage) treffen wir uns von 18:00 Uhr bis ca. 20:00 Uhr im Restaurant Hohenstaufen (Nebenraum), Freihofstra\u00dfe 64-66 in G\u00f6ppingen. Eine Anmeldung ist nicht erforderlich.<\/p>\n\n\n\n<h2 class=\"wp-block-heading\"><span style=\"color:#2808ff\" class=\"has-inline-color\">GESCHLOSSENE TRAUERGRUPPE<\/span><\/h2>\n\n\n\n<p>In Kooperation mit der Evangelischen und der Katholischen Erwachsenenbildung finden regelm\u00e4\u00dfig Trauergruppen statt. UnterAnleitung von Trauerbegleiter*innen treffen sich diese geschlossenen Gruppen an mehreren Abenden.<\/p>\n\n\n\n<p>Um den Ort und die jeweiligen Termine zu erfahren, nehmen Sie bitte Kontakt mit uns auf.<\/p>\n\n\n\n<h2 class=\"wp-block-heading\"><span style=\"color:#2808ff\" class=\"has-inline-color\">TRAUERWANDERN<\/span><\/h2>\n\n\n\n<p>&#8211; rund um die nahe Schw\u00e4bische Alb (Gehzeit ca. 3 Stunden).<\/p>\n\n\n\n<p>W\u00e4hrend der Wanderungen halten wir inne und werden achtsam f\u00fcr uns und f\u00fcr das, was Sie in Ihrer Trauer bewegt.<\/p>\n\n\n\n<h2 class=\"wp-block-heading\"><span style=\"color:#2808ff\" class=\"has-inline-color\">EINZELGESPR\u00c4CHE<\/span><\/h2>\n\n\n\n<p>Im pers\u00f6nlichen Gespr\u00e4ch haben wir ein offenes Ohr f\u00fcr Sie.<\/p>\n\n\n\n<p>Alle unsere Angebote sind unabh\u00e4ngig von Religion und Weltanschauung. Sie sind kostenfrei und selbstverst\u00e4ndlich auch nicht an eine Mitgliedschaft im Verein Hospizbewegung Kreis G\u00f6ppingen &#8211; Ambulante Dienste f\u00fcr Erwachsene e.V. gebunden.<\/p>\n\n\n\n<p><\/p>\n","protected":false},"excerpt":{"rendered":"<p>TRAUERBEGLEITUNG Der Verlust eines nahestehenden Menschen ist schmerzlich und folgenschwer. Trauern geht einher mit einer Vielzahl von Gef\u00fchlen wie Angst, Wut, Schuld und Hilflosigkeit. Wir m\u00f6chten Sie dabei begleiten, eigene Kraftquellen und Perspektiven neu zu entdecken. LEBENSCAF\u00c9 Der Ambulante ErwachsenenHospizdienst l\u00e4dt Trauernde zu monatlichen Treffen ins Lebenscaf\u00e9 ein. Die freundliche Atmosph\u00e4re eines Restaurants bietet Raum, &hellip; <a href=\"https:\/\/hospizbewegung-goeppingen.de\/neu\/trauerbegleitung\/\">Weiterlesen <span class=\"meta-nav\">&rarr;<\/span><\/a><\/p>\n","protected":false},"author":1,"featured_media":0,"parent":0,"menu_order":0,"comment_status":"closed","ping_status":"closed","template":"","meta":{"footnotes":""},"class_list":["post-8","page","type-page","status-publish","hentry"],"_links":{"self":[{"href":"https:\/\/hospizbewegung-goeppingen.de\/neu\/wp-json\/wp\/v2\/pages\/8","targetHints":{"allow":["GET"]}}],"collection":[{"href":"https:\/\/hospizbewegung-goeppingen.de\/neu\/wp-json\/wp\/v2\/pages"}],"about":[{"href":"https:\/\/hospizbewegung-goeppingen.de\/neu\/wp-json\/wp\/v2\/types\/page"}],"author":[{"embeddable":true,"href":"https:\/\/hospizbewegung-goeppingen.de\/neu\/wp-json\/wp\/v2\/users\/1"}],"replies":[{"embeddable":true,"href":"https:\/\/hospizbewegung-goeppingen.de\/neu\/wp-json\/wp\/v2\/comments?post=8"}],"version-history":[{"count":10,"href":"https:\/\/hospizbewegung-goeppingen.de\/neu\/wp-json\/wp\/v2\/pages\/8\/revisions"}],"predecessor-version":[{"id":141,"href":"https:\/\/hospizbewegung-goeppingen.de\/neu\/wp-json\/wp\/v2\/pages\/8\/revisions\/141"}],"wp:attachment":[{"href":"https:\/\/hospizbewegung-goeppingen.de\/neu\/wp-json\/wp\/v2\/media?parent=8"}],"curies":[{"name":"wp","href":"https:\/\/api.w.org\/{rel}","templated":true}]}}