{"id":77,"date":"2021-04-08T10:23:44","date_gmt":"2021-04-08T08:23:44","guid":{"rendered":"https:\/\/hospizbewegung-goeppingen.de\/neu\/?page_id=77"},"modified":"2021-04-27T18:54:36","modified_gmt":"2021-04-27T16:54:36","slug":"dokumente","status":"publish","type":"page","link":"https:\/\/hospizbewegung-goeppingen.de\/neu\/dokumente\/","title":{"rendered":"Dokumente"},"content":{"rendered":"\n<h1 class=\"wp-block-heading\">Flyer<\/h1>\n\n\n\n<p>Den aktuellen Flyer des Vereins Hospizbewegung Kreis G\u00f6ppingen \u2013 Ambulante Dienste f\u00fcr Erwachsene e.V. finden Sie <a href=\"https:\/\/www.hospizbewegung-goeppingen.de\/dokumente\/Flyer_allgemein.pdf\">hier<\/a> zum Download.<\/p>\n\n\n\n<h1 class=\"wp-block-heading\">Satzung<\/h1>\n\n\n\n<p><a href=\"http:\/\/www.hospizbewegung-goeppingen.de\/dokumente\/Satzung_des_Foerdervereins.pdf\">Satzung des Vereins<\/a> Hospizbewegung Kreis G\u00f6ppingen \u2013 Ambulante Dienste f\u00fcr Erwachsene e.V. vom 14.09.2016 (letzte \u00c4nderung).<\/p>\n\n\n\n<h1 class=\"wp-block-heading\">Beitrittserkl\u00e4rung<\/h1>\n\n\n\n<p>Wollen Sie den Verein Hospizbewegung Kreis G\u00f6ppingen \u2013 Ambulante Dienste f\u00fcr Erwachsene mit Ihrer Mitgliedschaft unterst\u00fctzen<\/p>\n\n\n\n<p>Sie k\u00f6nnen <a href=\"http:\/\/www.hospizbewegung-goeppingen.de\/dokumente\/Beitrittserklaerung.pdf\">hier<\/a> die Beitrittserkl\u00e4rung als PDF-Dokument herunterladen.<\/p>\n\n\n\n<h1 class=\"wp-block-heading\">Links zum Thema<\/h1>\n\n\n\n<p><a href=\"http:\/\/www.hospiz-goeppingen.de\/\">Station\u00e4res Hospiz im Landkreis G\u00f6ppingen<\/a><\/p>\n\n\n\n<p><a href=\"http:\/\/www.malteser-goeppingen.de\">Ambulanter Kinder- und Jugendhospizdienst Kreis G\u00f6ppingen<\/a><\/p>\n\n\n\n<h1 class=\"wp-block-heading\">Kooperationsvereinbarungen<\/h1>\n\n\n\n<p><a href=\"http:\/\/www.hospizbewegung-goeppingen.de\/dokumente\/Kooperationsvereinbarung_ELEISON.pdf\">Kooperationsvereinbarung<\/a> zwischen Hospizverein ELEISON Ulmer Alb e.V. und Hospizbewegung Kreis G\u00f6ppingen \u2013 Ambulante Dienste f\u00fcr Erwachsene e.V.<\/p>\n","protected":false},"excerpt":{"rendered":"<p>Flyer Den aktuellen Flyer des Vereins Hospizbewegung Kreis G\u00f6ppingen \u2013 Ambulante Dienste f\u00fcr Erwachsene e.V. finden Sie hier zum Download. Satzung Satzung des Vereins Hospizbewegung Kreis G\u00f6ppingen \u2013 Ambulante Dienste f\u00fcr Erwachsene e.V. vom 14.09.2016 (letzte \u00c4nderung). Beitrittserkl\u00e4rung Wollen Sie den Verein Hospizbewegung Kreis G\u00f6ppingen \u2013 Ambulante Dienste f\u00fcr Erwachsene mit Ihrer Mitgliedschaft unterst\u00fctzen Sie &hellip; <a href=\"https:\/\/hospizbewegung-goeppingen.de\/neu\/dokumente\/\">Weiterlesen <span class=\"meta-nav\">&rarr;<\/span><\/a><\/p>\n","protected":false},"author":1,"featured_media":0,"parent":0,"menu_order":0,"comment_status":"closed","ping_status":"closed","template":"","meta":{"footnotes":""},"class_list":["post-77","page","type-page","status-publish","hentry"],"_links":{"self":[{"href":"https:\/\/hospizbewegung-goeppingen.de\/neu\/wp-json\/wp\/v2\/pages\/77","targetHints":{"allow":["GET"]}}],"collection":[{"href":"https:\/\/hospizbewegung-goeppingen.de\/neu\/wp-json\/wp\/v2\/pages"}],"about":[{"href":"https:\/\/hospizbewegung-goeppingen.de\/neu\/wp-json\/wp\/v2\/types\/page"}],"author":[{"embeddable":true,"href":"https:\/\/hospizbewegung-goeppingen.de\/neu\/wp-json\/wp\/v2\/users\/1"}],"replies":[{"embeddable":true,"href":"https:\/\/hospizbewegung-goeppingen.de\/neu\/wp-json\/wp\/v2\/comments?post=77"}],"version-history":[{"count":3,"href":"https:\/\/hospizbewegung-goeppingen.de\/neu\/wp-json\/wp\/v2\/pages\/77\/revisions"}],"predecessor-version":[{"id":155,"href":"https:\/\/hospizbewegung-goeppingen.de\/neu\/wp-json\/wp\/v2\/pages\/77\/revisions\/155"}],"wp:attachment":[{"href":"https:\/\/hospizbewegung-goeppingen.de\/neu\/wp-json\/wp\/v2\/media?parent=77"}],"curies":[{"name":"wp","href":"https:\/\/api.w.org\/{rel}","templated":true}]}}