{"id":75,"date":"2021-04-08T10:22:03","date_gmt":"2021-04-08T08:22:03","guid":{"rendered":"https:\/\/hospizbewegung-goeppingen.de\/neu\/?page_id=75"},"modified":"2021-04-30T16:43:40","modified_gmt":"2021-04-30T14:43:40","slug":"uenterstuetzung","status":"publish","type":"page","link":"https:\/\/hospizbewegung-goeppingen.de\/neu\/uenterstuetzung\/","title":{"rendered":"Unterst\u00fctzung"},"content":{"rendered":"\n<h1 class=\"wp-block-heading\">Spenden<\/h1>\n\n\n\n<p>Wenn Sie den Verein Hospizbewegung Kreis G\u00f6ppingen \u2013 Ambulante Dienste f\u00fcr Erwachsene mit einer Spende unterst\u00fctzen m\u00f6chten, k\u00f6nnen Sie auf folgendes Konto Ihre Spende einzahlen:<\/p>\n\n\n\n<p>Bank: Baden-W\u00fcrttembergische Bank<br>IBAN: DE17 6005 0101 0008 7005 53<br>BIC: SOLADEST600<\/p>\n\n\n\n<h1 class=\"wp-block-heading\">Beitrittserkl\u00e4rung<\/h1>\n\n\n\n<p>Wollen Sie den Verein Hospizbewegung Kreis G\u00f6ppingen \u2013 Ambulante Dienste f\u00fcr Erwachsene e.V. mit Ihrer Mitgliedschaft unterst\u00fctzen?<\/p>\n\n\n\n<p>Sie k\u00f6nnen <a href=\"http:\/\/www.hospizbewegung-goeppingen.de\/dokumente\/Beitrittserklaerung.pdf\">hier<\/a> die Beitrittserkl\u00e4rung als PDF-Dokument herunterladen.<\/p>\n\n\n\n<h1 class=\"wp-block-heading\">Ehrenamtliche T\u00e4tigkeit<\/h1>\n\n\n\n<p>Wollen Sie uns mit Ihrem ehrenamtlichen Engagement unterst\u00fctzen, so freuen wir uns sehr \u00fcber Ihren Anruf bei uns.<\/p>\n","protected":false},"excerpt":{"rendered":"<p>Spenden Wenn Sie den Verein Hospizbewegung Kreis G\u00f6ppingen \u2013 Ambulante Dienste f\u00fcr Erwachsene mit einer Spende unterst\u00fctzen m\u00f6chten, k\u00f6nnen Sie auf folgendes Konto Ihre Spende einzahlen: Bank: Baden-W\u00fcrttembergische BankIBAN: DE17 6005 0101 0008 7005 53BIC: SOLADEST600 Beitrittserkl\u00e4rung Wollen Sie den Verein Hospizbewegung Kreis G\u00f6ppingen \u2013 Ambulante Dienste f\u00fcr Erwachsene e.V. mit Ihrer Mitgliedschaft unterst\u00fctzen? Sie &hellip; <a href=\"https:\/\/hospizbewegung-goeppingen.de\/neu\/uenterstuetzung\/\">Weiterlesen <span class=\"meta-nav\">&rarr;<\/span><\/a><\/p>\n","protected":false},"author":1,"featured_media":0,"parent":0,"menu_order":0,"comment_status":"closed","ping_status":"closed","template":"","meta":{"footnotes":""},"class_list":["post-75","page","type-page","status-publish","hentry"],"_links":{"self":[{"href":"https:\/\/hospizbewegung-goeppingen.de\/neu\/wp-json\/wp\/v2\/pages\/75","targetHints":{"allow":["GET"]}}],"collection":[{"href":"https:\/\/hospizbewegung-goeppingen.de\/neu\/wp-json\/wp\/v2\/pages"}],"about":[{"href":"https:\/\/hospizbewegung-goeppingen.de\/neu\/wp-json\/wp\/v2\/types\/page"}],"author":[{"embeddable":true,"href":"https:\/\/hospizbewegung-goeppingen.de\/neu\/wp-json\/wp\/v2\/users\/1"}],"replies":[{"embeddable":true,"href":"https:\/\/hospizbewegung-goeppingen.de\/neu\/wp-json\/wp\/v2\/comments?post=75"}],"version-history":[{"count":4,"href":"https:\/\/hospizbewegung-goeppingen.de\/neu\/wp-json\/wp\/v2\/pages\/75\/revisions"}],"predecessor-version":[{"id":133,"href":"https:\/\/hospizbewegung-goeppingen.de\/neu\/wp-json\/wp\/v2\/pages\/75\/revisions\/133"}],"wp:attachment":[{"href":"https:\/\/hospizbewegung-goeppingen.de\/neu\/wp-json\/wp\/v2\/media?parent=75"}],"curies":[{"name":"wp","href":"https:\/\/api.w.org\/{rel}","templated":true}]}}