{"id":7,"date":"2021-03-31T13:46:05","date_gmt":"2021-03-31T11:46:05","guid":{"rendered":"http:\/\/hospizbewegung-goeppingen.de\/neu\/?page_id=7"},"modified":"2021-05-03T16:34:24","modified_gmt":"2021-05-03T14:34:24","slug":"sterbebegleitung","status":"publish","type":"page","link":"https:\/\/hospizbewegung-goeppingen.de\/neu\/sterbebegleitung\/","title":{"rendered":"Sterbebegleitung"},"content":{"rendered":"\n<figure class=\"wp-block-image size-large\"><img loading=\"lazy\" decoding=\"async\" width=\"1024\" height=\"717\" src=\"https:\/\/hospizbewegung-goeppingen.de\/neu\/wp-content\/uploads\/2021\/05\/Hae\u0088nde-1024x717.jpg\" alt=\"\" class=\"wp-image-138\" srcset=\"https:\/\/hospizbewegung-goeppingen.de\/neu\/wp-content\/uploads\/2021\/05\/Hae\u0088nde-1024x717.jpg 1024w, https:\/\/hospizbewegung-goeppingen.de\/neu\/wp-content\/uploads\/2021\/05\/Hae\u0088nde-300x210.jpg 300w, https:\/\/hospizbewegung-goeppingen.de\/neu\/wp-content\/uploads\/2021\/05\/Hae\u0088nde-768x537.jpg 768w, https:\/\/hospizbewegung-goeppingen.de\/neu\/wp-content\/uploads\/2021\/05\/Hae\u0088nde-1536x1075.jpg 1536w, https:\/\/hospizbewegung-goeppingen.de\/neu\/wp-content\/uploads\/2021\/05\/Hae\u0088nde-2048x1433.jpg 2048w\" sizes=\"auto, (max-width: 1024px) 100vw, 1024px\" \/><\/figure>\n\n\n\n<h2 class=\"wp-block-heading\"><span style=\"color:#ff5933\" class=\"has-inline-color\">STERBEBEGLEITUNG<\/span><\/h2>\n\n\n\n<p>Wo auch immer schwerstkranke Menschen ihre letzte Lebensphase verbringen, sie w\u00fcnschen sich neben einer guten medizinischen und pflegerischen Betreuung auch pers\u00f6nlichen Beistand.<\/p>\n\n\n\n<p>Der Ambulante ErwachsenenHospizdienst und seine ehrenamtlichen Mitarbeiter*innen unterst\u00fctzen Sie.<\/p>\n\n\n\n<h2 class=\"wp-block-heading\"><span style=\"color:#ff5933\" class=\"has-inline-color\">BEGLEITUNG IN DER LETZTEN LEBENSPHASE<\/span><\/h2>\n\n\n\n<p>Unsere ehrenamtlichen t\u00e4tigen Sterbebegleiter*innen werden durch eine umfangreiche Schulung auf ihren Dienst vorbereitet.<\/p>\n\n\n\n<p>Wir besuchen Menschen zu Hause, im Pflegeheim, im Krankenhaus oder auch im Hospiz und nehmen uns Zeit. Wir stehen den Sterbenden &#8211; je nach ihrem individuellen Bedarf &#8211; tags\u00fcber oder auch nachts zur Seite, indem wir mit ihnen sprechen oder auch nur zuh\u00f6ren, Trost und Mut geben, etwas vorlesen, zusammen Musik h\u00f6ren oder auch gemeinsam singen, kleine Handreichungen anbieten oder einfach nur da sind.<\/p>\n\n\n\n<h2 class=\"wp-block-heading\"><span style=\"color:#ff5933\" class=\"has-inline-color\">UNTERST\u00dcTZUNG DER ANGEH\u00d6RIGEN<\/span><\/h2>\n\n\n\n<p>Angeh\u00f6rige erfahren Unterst\u00fctzung und Entlastung, wenn die Sterbebegleiter*innen vor Ort sind und sie in ihnen auch selbst eine Ansprechpartnerin bzw. einen Ansprechpartner finden.<\/p>\n\n\n\n<p>Die hauptamtlichen Koordinator*innen des Ambulanten ErwachsenenHospizdienstes stehen den Sterbenden und ihren  Angeh\u00f6rigen ebenfalls f\u00fcr Fragen zur Verf\u00fcgung.<\/p>\n\n\n\n<p>Alle unsere Angebote sind unabh\u00e4ngig von Religion und Weltanschauung. Sie sind kostenfrei und selbstverst\u00e4ndlich auch nicht an eine Mitgliedschaft im Verein Hospizbewegung Kreis G\u00f6ppingen \u2013 Ambulante Dienste f\u00fcr Erwachsene e.V. gebunden.<\/p>\n","protected":false},"excerpt":{"rendered":"<p>STERBEBEGLEITUNG Wo auch immer schwerstkranke Menschen ihre letzte Lebensphase verbringen, sie w\u00fcnschen sich neben einer guten medizinischen und pflegerischen Betreuung auch pers\u00f6nlichen Beistand. Der Ambulante ErwachsenenHospizdienst und seine ehrenamtlichen Mitarbeiter*innen unterst\u00fctzen Sie. BEGLEITUNG IN DER LETZTEN LEBENSPHASE Unsere ehrenamtlichen t\u00e4tigen Sterbebegleiter*innen werden durch eine umfangreiche Schulung auf ihren Dienst vorbereitet. Wir besuchen Menschen zu Hause, &hellip; <a href=\"https:\/\/hospizbewegung-goeppingen.de\/neu\/sterbebegleitung\/\">Weiterlesen <span class=\"meta-nav\">&rarr;<\/span><\/a><\/p>\n","protected":false},"author":1,"featured_media":0,"parent":0,"menu_order":0,"comment_status":"closed","ping_status":"closed","template":"","meta":{"footnotes":""},"class_list":["post-7","page","type-page","status-publish","hentry"],"_links":{"self":[{"href":"https:\/\/hospizbewegung-goeppingen.de\/neu\/wp-json\/wp\/v2\/pages\/7","targetHints":{"allow":["GET"]}}],"collection":[{"href":"https:\/\/hospizbewegung-goeppingen.de\/neu\/wp-json\/wp\/v2\/pages"}],"about":[{"href":"https:\/\/hospizbewegung-goeppingen.de\/neu\/wp-json\/wp\/v2\/types\/page"}],"author":[{"embeddable":true,"href":"https:\/\/hospizbewegung-goeppingen.de\/neu\/wp-json\/wp\/v2\/users\/1"}],"replies":[{"embeddable":true,"href":"https:\/\/hospizbewegung-goeppingen.de\/neu\/wp-json\/wp\/v2\/comments?post=7"}],"version-history":[{"count":9,"href":"https:\/\/hospizbewegung-goeppingen.de\/neu\/wp-json\/wp\/v2\/pages\/7\/revisions"}],"predecessor-version":[{"id":139,"href":"https:\/\/hospizbewegung-goeppingen.de\/neu\/wp-json\/wp\/v2\/pages\/7\/revisions\/139"}],"wp:attachment":[{"href":"https:\/\/hospizbewegung-goeppingen.de\/neu\/wp-json\/wp\/v2\/media?parent=7"}],"curies":[{"name":"wp","href":"https:\/\/api.w.org\/{rel}","templated":true}]}}