{"id":62,"date":"2021-04-08T10:04:33","date_gmt":"2021-04-08T08:04:33","guid":{"rendered":"https:\/\/hospizbewegung-goeppingen.de\/neu\/?page_id=62"},"modified":"2021-04-30T16:41:13","modified_gmt":"2021-04-30T14:41:13","slug":"kontakt","status":"publish","type":"page","link":"https:\/\/hospizbewegung-goeppingen.de\/neu\/kontakt\/","title":{"rendered":"Ihre Ansprechpartnerinnen"},"content":{"rendered":"\n<h2 class=\"wp-block-heading\"><strong>Hospizbewegung Kreis G\u00f6ppingen &#8211; Ambulante Dienste f\u00fcr Erwachsene e.V.<\/strong><\/h2>\n\n\n\n<p>Sommerhalde 2<br>73035 G\u00f6ppingen-Faurndau<br><a href=\"https:\/\/www.hospizbewegung-goeppingen.de\" data-type=\"URL\" data-id=\"https:\/\/www.hospizbewegung-goeppingen.de\">www.hospizbewegung-goeppingen.de<\/a><br><a href=\"mailto:info@hospizbewegung-goeppingen.de\">info@hospizbewegung-goeppingen.de<\/a><\/p>\n\n\n\n<p>Erreichbarkeit t\u00e4glich von 9.00 Uhr bis 17.00 Uhr, ggf. Anrufbeantworter<\/p>\n\n\n\n<h2 class=\"wp-block-heading\">Leitende Koordinatorin<\/h2>\n\n\n\n<p><strong>Birgit G\u00f6ser<br><\/strong>Dipl. Sozialp\u00e4dagogin (FH), Palliative Care Fachkraft, Trauerbegleiterin (BVT)<\/p>\n\n\n\n<p>Tel.: 07161\/98619-50<br>E-Mail: <a>birgit.goeser@hospizbewegung-goeppingen.de<\/a><\/p>\n\n\n\n<h2 class=\"wp-block-heading\">Koordinatorin<\/h2>\n\n\n\n<p><strong>Heidi Kurz<br><\/strong>Gesundheits- und Krankenpflegerin, Palliative Care Fachkraft<\/p>\n\n\n\n<p>Tel.: 07161\/98619-52<br>E-Mail: <a href=\"mailto:heidi.kurz@hospizbewegung-goeppingen.de\">heidi.kurz@hospizbewegung-goeppingen.de<\/a><\/p>\n\n\n\n<h2 class=\"wp-block-heading\">Koordinatorin<\/h2>\n\n\n\n<p><strong>Annegret Elmiger<br><\/strong>Gesundheits- und Krankenpflegerin, Palliative Care Fachkraft<\/p>\n\n\n\n<p>Tel.: 07161\/98619-52<br>E-Mail: <a href=\"mailto:annegret.elmiger@hospizbewegung-goeppingen.de\">annegret.elmiger@hospizbewegung-goeppingen.de<\/a><\/p>\n","protected":false},"excerpt":{"rendered":"<p>Hospizbewegung Kreis G\u00f6ppingen &#8211; Ambulante Dienste f\u00fcr Erwachsene e.V. Sommerhalde 273035 G\u00f6ppingen-Faurndauwww.hospizbewegung-goeppingen.deinfo@hospizbewegung-goeppingen.de Erreichbarkeit t\u00e4glich von 9.00 Uhr bis 17.00 Uhr, ggf. Anrufbeantworter Leitende Koordinatorin Birgit G\u00f6serDipl. Sozialp\u00e4dagogin (FH), Palliative Care Fachkraft, Trauerbegleiterin (BVT) Tel.: 07161\/98619-50E-Mail: birgit.goeser@hospizbewegung-goeppingen.de Koordinatorin Heidi KurzGesundheits- und Krankenpflegerin, Palliative Care Fachkraft Tel.: 07161\/98619-52E-Mail: heidi.kurz@hospizbewegung-goeppingen.de Koordinatorin Annegret ElmigerGesundheits- und Krankenpflegerin, Palliative Care Fachkraft &hellip; <a href=\"https:\/\/hospizbewegung-goeppingen.de\/neu\/kontakt\/\">Weiterlesen <span class=\"meta-nav\">&rarr;<\/span><\/a><\/p>\n","protected":false},"author":1,"featured_media":0,"parent":0,"menu_order":0,"comment_status":"closed","ping_status":"closed","template":"","meta":{"footnotes":""},"class_list":["post-62","page","type-page","status-publish","hentry"],"_links":{"self":[{"href":"https:\/\/hospizbewegung-goeppingen.de\/neu\/wp-json\/wp\/v2\/pages\/62","targetHints":{"allow":["GET"]}}],"collection":[{"href":"https:\/\/hospizbewegung-goeppingen.de\/neu\/wp-json\/wp\/v2\/pages"}],"about":[{"href":"https:\/\/hospizbewegung-goeppingen.de\/neu\/wp-json\/wp\/v2\/types\/page"}],"author":[{"embeddable":true,"href":"https:\/\/hospizbewegung-goeppingen.de\/neu\/wp-json\/wp\/v2\/users\/1"}],"replies":[{"embeddable":true,"href":"https:\/\/hospizbewegung-goeppingen.de\/neu\/wp-json\/wp\/v2\/comments?post=62"}],"version-history":[{"count":4,"href":"https:\/\/hospizbewegung-goeppingen.de\/neu\/wp-json\/wp\/v2\/pages\/62\/revisions"}],"predecessor-version":[{"id":130,"href":"https:\/\/hospizbewegung-goeppingen.de\/neu\/wp-json\/wp\/v2\/pages\/62\/revisions\/130"}],"wp:attachment":[{"href":"https:\/\/hospizbewegung-goeppingen.de\/neu\/wp-json\/wp\/v2\/media?parent=62"}],"curies":[{"name":"wp","href":"https:\/\/api.w.org\/{rel}","templated":true}]}}